{"id":940,"date":"2018-05-11T21:10:22","date_gmt":"2018-05-11T19:10:22","guid":{"rendered":"http:\/\/andrago.at\/?page_id=940"},"modified":"2018-05-11T21:10:22","modified_gmt":"2018-05-11T19:10:22","slug":"tagsag","status":"publish","type":"page","link":"https:\/\/andrago.at\/hu\/tagsag\/","title":{"rendered":"Tags\u00e1g"},"content":{"rendered":"<div class=\"wpb-content-wrapper\"><p>[vc_row][vc_column][vc_column_text]K\u00e9rj\u00fck v\u00e1lasszon a k\u00f6vetkez\u0151 list\u00e1b\u00f3l, hogy m\u0171kedvel\u0151k\u00e9nt vagy m\u0171v\u00e9szk\u00e9nt szeretne-e a tagunk lenni.<\/p>\n<p>\u00d6r\u00f6mmel \u00fcdv\u00f6z\u00f6lj\u00fck mit egyes\u00fclet\u00fcnk tagja, amik\u00e9nt a k\u00f6vetkez\u0151 testreszabott el\u0151ny\u00f6ket \u00e9lvezheti.<\/p>\n<p>Tisztelettel fogadott nyitotts\u00e1g, eredetis\u00e9g \u00e9s transzparencia k\u00e9pezik munk\u00e1nk alapj\u00e1t.<\/p>\n<p style=\"text-align: left;\"><strong>M\u0171kedvel\u0151<\/strong> tags\u00e1g el\u0151nyei:<\/p>\n<p style=\"text-align: left;\">(regisztr\u00e1l\u00e1si d\u00edj n\u00e9lk\u00fcl)<\/p>\n<p style=\"text-align: left;\">Havi d\u00edj \u00a010 eur\u00f3<\/p>\n<ul style=\"text-align: left;\">\n<li>A small welcome gift<\/li>\n<li>Invitations to all of our exhibitions AND to Vernissage-Preview &#8211; before the official opening<\/li>\n<li>Art editions (e.g. annual catalogue ) for a reduced price<\/li>\n<li>Special offers for selected artworks of our artists<\/li>\n<li>Visits to art studios and contact to inviting artists<\/li>\n<li>Reduced price for our publications and promotional items<\/li>\n<li>Possibility of intensive exchange of ideas and opinions about art and culture<\/li>\n<li>The right to speak and vote at the general meetings<\/li>\n<li>You support with your active contributions\u00a0idealistically and\u00a0financially our independence and goals<\/li>\n<\/ul>\n<p style=\"text-align: left;\"><strong>M\u0171v\u00e9szi <\/strong>tags\u00e1g el\u0151nyei:<\/p>\n<p style=\"text-align: left;\">Havi d\u00edj 120 eur\u00f3<\/p>\n<ul>\n<li>Creating a customized virtual portfolio through a reflexion and analysis of the individual artistic work and personality<\/li>\n<li>Personal entry nor artists&#8217; catalogue<\/li>\n<li>Publication of the artist&#8217;s individual portfolio on our website<\/li>\n<\/ul>\n<p style=\"text-align: left;\">Monthly cost \u00a0EUR 60<\/p>\n<ul style=\"text-align: left;\">\n<li>An exhibition venue in Austria or abroad for at least once a year<\/li>\n<li>Mentoring and\/or Coaching one&#8217;S own artistic positioning self-presentation (1 hour\/month is included, further hours are with 50% discount)<\/li>\n<li>Newsletter 4x a year including important international calls for artists and Artist of Residence Programme invitations<\/li>\n<li>Reference of further exhibitions of the artist on our website<\/li>\n<li>Invitations to all of our exhibitions AND to Vernissage-Preview &#8211; before the official opening<\/li>\n<li>Reduced price for our publications and promotional items<\/li>\n<li>Possibility of intensive exchange of ideas and opinions about art and culture<\/li>\n<li>The right to speak and vote at the general meetings<\/li>\n<li>You support with your active contributions\u00a0idealistically and\u00a0financially our independence and goals<\/li>\n<\/ul>\n<p style=\"text-align: left;\"><strong>Tiszteletbeni<\/strong> tags\u00e1g<strong>:<\/strong><\/p>\n<p style=\"text-align: left;\">Honorary members are people, who are \u00a0nominated by the association based on their \u00a0noteworthy contributions.<\/p>\n<p>[\/vc_column_text][\/vc_column][\/vc_row][vc_row][vc_column]\n<div class=\"wpcf7 no-js\" id=\"wpcf7-f199-o1\" lang=\"de-DE\" dir=\"ltr\" data-wpcf7-id=\"199\">\n<div class=\"screen-reader-response\"><p role=\"status\" aria-live=\"polite\" aria-atomic=\"true\"><\/p> <ul><\/ul><\/div>\n<form action=\"\/hu\/wp-json\/wp\/v2\/pages\/940#wpcf7-f199-o1\" method=\"post\" class=\"wpcf7-form init\" aria-label=\"Kontaktformular\" novalidate=\"novalidate\" data-status=\"init\">\n<fieldset class=\"hidden-fields-container\"><input type=\"hidden\" name=\"_wpcf7\" value=\"199\" \/><input type=\"hidden\" name=\"_wpcf7_version\" value=\"6.1.5\" \/><input type=\"hidden\" name=\"_wpcf7_locale\" value=\"de_DE\" \/><input type=\"hidden\" name=\"_wpcf7_unit_tag\" value=\"wpcf7-f199-o1\" \/><input type=\"hidden\" name=\"_wpcf7_container_post\" value=\"0\" \/><input type=\"hidden\" name=\"_wpcf7_posted_data_hash\" value=\"\" \/><input type=\"hidden\" name=\"_wpcf7dtx_version\" value=\"5.0.5\" \/>\n<\/fieldset>\n<div class=\"wpcf7-response-output\" aria-hidden=\"true\"><\/div>\n<p><label> gew\u00fcnschte Mitgliedschaftsform (*)<\/label><br \/>\n<span class=\"wpcf7-form-control-wrap\" data-name=\"Mitgliedschaft\"><select class=\"wpcf7-form-control wpcf7-select wpcf7-validates-as-required\" aria-required=\"true\" aria-invalid=\"false\" name=\"Mitgliedschaft\"><option value=\"KunstliebhaberIn\">KunstliebhaberIn<\/option><option value=\"K\u00fcnstlerIn\">K\u00fcnstlerIn<\/option><\/select><\/span>\n<\/p>\n<p><label> Ihr Vorname & Nachname (*)<br \/>\n<span class=\"wpcf7-form-control-wrap\" data-name=\"your-name\"><input size=\"40\" maxlength=\"400\" class=\"wpcf7-form-control wpcf7-text wpcf7-validates-as-required\" aria-required=\"true\" aria-invalid=\"false\" value=\"\" type=\"text\" name=\"your-name\" \/><\/span> <\/label>\n<\/p>\n<p><label> Ihre Adresse (*)<br \/>\n<span class=\"wpcf7-form-control-wrap\" data-name=\"IhreAdresse\"><textarea cols=\"40\" rows=\"10\" maxlength=\"2000\" class=\"wpcf7-form-control wpcf7-textarea wpcf7-validates-as-required\" aria-required=\"true\" aria-invalid=\"false\" name=\"IhreAdresse\"><\/textarea><\/span><\/label>\n<\/p>\n<p><label> Ihre E-Mail-Adresse (*)<br \/>\n<span class=\"wpcf7-form-control-wrap\" data-name=\"your-email\"><input size=\"40\" maxlength=\"400\" class=\"wpcf7-form-control wpcf7-email wpcf7-validates-as-required wpcf7-text wpcf7-validates-as-email\" aria-required=\"true\" aria-invalid=\"false\" value=\"\" type=\"email\" name=\"your-email\" \/><\/span> <\/label>\n<\/p>\n<p><label> Anmerkung<br \/>\n<span class=\"wpcf7-form-control-wrap\" data-name=\"your-message\"><textarea cols=\"40\" rows=\"10\" maxlength=\"2000\" class=\"wpcf7-form-control wpcf7-textarea\" aria-invalid=\"false\" name=\"your-message\"><\/textarea><\/span> <\/label><br \/>\n<span id=\"wpcf7-69df82a44e8b7-wrapper\" class=\"wpcf7-form-control-wrap donotremove-982-wrap\" style=\"display:none !important; visibility:hidden !important;\"><label for=\"wpcf7-69df82a44e8b7-field\" class=\"hp-message\">Bitte lasse dieses Feld leer.<\/label><input id=\"wpcf7-69df82a44e8b7-field\"  class=\"wpcf7-form-control wpcf7-text\" type=\"text\" name=\"donotremove-982\" value=\"\" size=\"40\" tabindex=\"-1\" autocomplete=\"new-password\" \/><\/span>\n<\/p>\n<p><input class=\"wpcf7-form-control wpcf7-submit has-spinner\" type=\"submit\" value=\"Anfragen\" \/>\n<\/p>\n<div class=\"wpcf7-response-output\" aria-hidden=\"true\"><\/div>\n<\/form>\n<\/div>\n[\/vc_column][\/vc_row][vc_row][vc_column][vc_text_separator title=&#8221;VIELEN DANK F\u00dcR IHR INTERESSE!&#8221; color=&#8221;orange&#8221; style=&#8221;shadow&#8221; border_width=&#8221;3&#8243;][\/vc_column][\/vc_row]<\/p>\n<\/div>","protected":false},"excerpt":{"rendered":"<p>[vc_row][vc_column][vc_column_text]K\u00e9rj\u00fck v\u00e1lasszon a k\u00f6vetkez\u0151 list\u00e1b\u00f3l, hogy m\u0171kedvel\u0151k\u00e9nt vagy m\u0171v\u00e9szk\u00e9nt szeretne-e a tagunk lenni. \u00d6r\u00f6mmel \u00fcdv\u00f6z\u00f6lj\u00fck mit [&hellip;]<\/p>\n","protected":false},"author":2,"featured_media":0,"parent":0,"menu_order":0,"comment_status":"closed","ping_status":"closed","template":"","meta":{"footnotes":""},"class_list":["post-940","page","type-page","status-publish","hentry"],"yoast_head":"<!-- This site is optimized with the Yoast SEO plugin v27.1.1 - https:\/\/yoast.com\/product\/yoast-seo-wordpress\/ -->\n<title>Tags\u00e1g - Andrago.at<\/title>\n<meta name=\"robots\" content=\"index, follow, max-snippet:-1, max-image-preview:large, max-video-preview:-1\" \/>\n<link rel=\"canonical\" href=\"https:\/\/andrago.at\/hu\/tagsag\/\" \/>\n<meta property=\"og:locale\" content=\"hu_HU\" \/>\n<meta property=\"og:type\" content=\"article\" \/>\n<meta property=\"og:title\" content=\"Tags\u00e1g - Andrago.at\" \/>\n<meta property=\"og:description\" content=\"[vc_row][vc_column][vc_column_text]K\u00e9rj\u00fck v\u00e1lasszon a k\u00f6vetkez\u0151 list\u00e1b\u00f3l, hogy m\u0171kedvel\u0151k\u00e9nt vagy m\u0171v\u00e9szk\u00e9nt szeretne-e a tagunk lenni. \u00d6r\u00f6mmel \u00fcdv\u00f6z\u00f6lj\u00fck mit [&hellip;]\" \/>\n<meta property=\"og:url\" content=\"https:\/\/andrago.at\/hu\/tagsag\/\" \/>\n<meta property=\"og:site_name\" content=\"Andrago.at\" \/>\n<meta property=\"article:publisher\" content=\"https:\/\/www.facebook.com\/Andrago-219933181515236\/\" \/>\n<meta name=\"twitter:card\" content=\"summary_large_image\" \/>\n<meta name=\"twitter:site\" content=\"@AgotasWelt\" \/>\n<meta name=\"twitter:label1\" content=\"Becs\u00fclt olvas\u00e1si id\u0151\" \/>\n\t<meta name=\"twitter:data1\" content=\"2 perc\" \/>\n<script type=\"application\/ld+json\" class=\"yoast-schema-graph\">{\"@context\":\"https:\/\/schema.org\",\"@graph\":[{\"@type\":\"WebPage\",\"@id\":\"https:\/\/andrago.at\/hu\/tagsag\/\",\"url\":\"https:\/\/andrago.at\/hu\/tagsag\/\",\"name\":\"Tags\u00e1g - Andrago.at\",\"isPartOf\":{\"@id\":\"https:\/\/andrago.at\/#website\"},\"datePublished\":\"2018-05-11T19:10:22+00:00\",\"breadcrumb\":{\"@id\":\"https:\/\/andrago.at\/hu\/tagsag\/#breadcrumb\"},\"inLanguage\":\"hu\",\"potentialAction\":[{\"@type\":\"ReadAction\",\"target\":[\"https:\/\/andrago.at\/hu\/tagsag\/\"]}]},{\"@type\":\"BreadcrumbList\",\"@id\":\"https:\/\/andrago.at\/hu\/tagsag\/#breadcrumb\",\"itemListElement\":[{\"@type\":\"ListItem\",\"position\":1,\"name\":\"Startseite\",\"item\":\"https:\/\/andrago.at\/\"},{\"@type\":\"ListItem\",\"position\":2,\"name\":\"Tags\u00e1g\"}]},{\"@type\":\"WebSite\",\"@id\":\"https:\/\/andrago.at\/#website\",\"url\":\"https:\/\/andrago.at\/\",\"name\":\"Andrago.at\",\"description\":\"ANDRAGO KUNST &amp; KULTUR\",\"publisher\":{\"@id\":\"https:\/\/andrago.at\/#organization\"},\"potentialAction\":[{\"@type\":\"SearchAction\",\"target\":{\"@type\":\"EntryPoint\",\"urlTemplate\":\"https:\/\/andrago.at\/?s={search_term_string}\"},\"query-input\":{\"@type\":\"PropertyValueSpecification\",\"valueRequired\":true,\"valueName\":\"search_term_string\"}}],\"inLanguage\":\"hu\"},{\"@type\":\"Organization\",\"@id\":\"https:\/\/andrago.at\/#organization\",\"name\":\"Andrago\",\"url\":\"https:\/\/andrago.at\/\",\"logo\":{\"@type\":\"ImageObject\",\"inLanguage\":\"hu\",\"@id\":\"https:\/\/andrago.at\/#\/schema\/logo\/image\/\",\"url\":\"http:\/\/andrago.at\/wp-content\/uploads\/2018\/10\/Schwarz-Kontur.jpg\",\"contentUrl\":\"http:\/\/andrago.at\/wp-content\/uploads\/2018\/10\/Schwarz-Kontur.jpg\",\"width\":1358,\"height\":1088,\"caption\":\"Andrago\"},\"image\":{\"@id\":\"https:\/\/andrago.at\/#\/schema\/logo\/image\/\"},\"sameAs\":[\"https:\/\/www.facebook.com\/Andrago-219933181515236\/\",\"https:\/\/x.com\/AgotasWelt\"]}]}<\/script>\n<!-- \/ Yoast SEO plugin. -->","yoast_head_json":{"title":"Tags\u00e1g - Andrago.at","robots":{"index":"index","follow":"follow","max-snippet":"max-snippet:-1","max-image-preview":"max-image-preview:large","max-video-preview":"max-video-preview:-1"},"canonical":"https:\/\/andrago.at\/hu\/tagsag\/","og_locale":"hu_HU","og_type":"article","og_title":"Tags\u00e1g - Andrago.at","og_description":"[vc_row][vc_column][vc_column_text]K\u00e9rj\u00fck v\u00e1lasszon a k\u00f6vetkez\u0151 list\u00e1b\u00f3l, hogy m\u0171kedvel\u0151k\u00e9nt vagy m\u0171v\u00e9szk\u00e9nt szeretne-e a tagunk lenni. \u00d6r\u00f6mmel \u00fcdv\u00f6z\u00f6lj\u00fck mit [&hellip;]","og_url":"https:\/\/andrago.at\/hu\/tagsag\/","og_site_name":"Andrago.at","article_publisher":"https:\/\/www.facebook.com\/Andrago-219933181515236\/","twitter_card":"summary_large_image","twitter_site":"@AgotasWelt","twitter_misc":{"Becs\u00fclt olvas\u00e1si id\u0151":"2 perc"},"schema":{"@context":"https:\/\/schema.org","@graph":[{"@type":"WebPage","@id":"https:\/\/andrago.at\/hu\/tagsag\/","url":"https:\/\/andrago.at\/hu\/tagsag\/","name":"Tags\u00e1g - Andrago.at","isPartOf":{"@id":"https:\/\/andrago.at\/#website"},"datePublished":"2018-05-11T19:10:22+00:00","breadcrumb":{"@id":"https:\/\/andrago.at\/hu\/tagsag\/#breadcrumb"},"inLanguage":"hu","potentialAction":[{"@type":"ReadAction","target":["https:\/\/andrago.at\/hu\/tagsag\/"]}]},{"@type":"BreadcrumbList","@id":"https:\/\/andrago.at\/hu\/tagsag\/#breadcrumb","itemListElement":[{"@type":"ListItem","position":1,"name":"Startseite","item":"https:\/\/andrago.at\/"},{"@type":"ListItem","position":2,"name":"Tags\u00e1g"}]},{"@type":"WebSite","@id":"https:\/\/andrago.at\/#website","url":"https:\/\/andrago.at\/","name":"Andrago.at","description":"ANDRAGO KUNST &amp; KULTUR","publisher":{"@id":"https:\/\/andrago.at\/#organization"},"potentialAction":[{"@type":"SearchAction","target":{"@type":"EntryPoint","urlTemplate":"https:\/\/andrago.at\/?s={search_term_string}"},"query-input":{"@type":"PropertyValueSpecification","valueRequired":true,"valueName":"search_term_string"}}],"inLanguage":"hu"},{"@type":"Organization","@id":"https:\/\/andrago.at\/#organization","name":"Andrago","url":"https:\/\/andrago.at\/","logo":{"@type":"ImageObject","inLanguage":"hu","@id":"https:\/\/andrago.at\/#\/schema\/logo\/image\/","url":"http:\/\/andrago.at\/wp-content\/uploads\/2018\/10\/Schwarz-Kontur.jpg","contentUrl":"http:\/\/andrago.at\/wp-content\/uploads\/2018\/10\/Schwarz-Kontur.jpg","width":1358,"height":1088,"caption":"Andrago"},"image":{"@id":"https:\/\/andrago.at\/#\/schema\/logo\/image\/"},"sameAs":["https:\/\/www.facebook.com\/Andrago-219933181515236\/","https:\/\/x.com\/AgotasWelt"]}]}},"_links":{"self":[{"href":"https:\/\/andrago.at\/hu\/wp-json\/wp\/v2\/pages\/940","targetHints":{"allow":["GET"]}}],"collection":[{"href":"https:\/\/andrago.at\/hu\/wp-json\/wp\/v2\/pages"}],"about":[{"href":"https:\/\/andrago.at\/hu\/wp-json\/wp\/v2\/types\/page"}],"author":[{"embeddable":true,"href":"https:\/\/andrago.at\/hu\/wp-json\/wp\/v2\/users\/2"}],"replies":[{"embeddable":true,"href":"https:\/\/andrago.at\/hu\/wp-json\/wp\/v2\/comments?post=940"}],"version-history":[{"count":1,"href":"https:\/\/andrago.at\/hu\/wp-json\/wp\/v2\/pages\/940\/revisions"}],"predecessor-version":[{"id":941,"href":"https:\/\/andrago.at\/hu\/wp-json\/wp\/v2\/pages\/940\/revisions\/941"}],"wp:attachment":[{"href":"https:\/\/andrago.at\/hu\/wp-json\/wp\/v2\/media?parent=940"}],"curies":[{"name":"wp","href":"https:\/\/api.w.org\/{rel}","templated":true}]}}