{"id":892,"date":"2018-05-11T19:20:23","date_gmt":"2018-05-11T17:20:23","guid":{"rendered":"http:\/\/andrago.at\/?page_id=892"},"modified":"2018-05-11T19:20:37","modified_gmt":"2018-05-11T17:20:37","slug":"sidonia-muveszeti-egyesuelet","status":"publish","type":"page","link":"https:\/\/andrago.at\/hu\/sidonia-muveszeti-egyesuelet\/","title":{"rendered":"SZID\u00d3NIA M\u0170V\u00c9SZETI EGYES\u00dcLET"},"content":{"rendered":"<div class=\"wpb-content-wrapper\"><p>[vc_row][vc_column width=&#8221;1\/4&#8243;][vc_single_image image=&#8221;171&#8243; img_size=&#8221;full&#8221; alignment=&#8221;center&#8221;][\/vc_column][\/vc_row][vc_row][vc_column][vc_text_separator title=&#8221;MITGLIED WERDEN&#8221; color=&#8221;chino&#8221; border_width=&#8221;3&#8243;][vc_column_text][\/vc_column_text][\/vc_column][\/vc_row][vc_row][vc_column width=&#8221;1\/4&#8243;][vc_column_text]<\/p>\n<p style=\"text-align: center;\"><strong>LEGYEN M\u00c9G MA A TAGUNK!<\/strong><\/p>\n<p>[\/vc_column_text][\/vc_column][vc_column width=&#8221;3\/4&#8243;]\n<div class=\"wpcf7 no-js\" id=\"wpcf7-f199-o1\" lang=\"de-DE\" dir=\"ltr\" data-wpcf7-id=\"199\">\n<div class=\"screen-reader-response\"><p role=\"status\" aria-live=\"polite\" aria-atomic=\"true\"><\/p> <ul><\/ul><\/div>\n<form action=\"\/hu\/wp-json\/wp\/v2\/pages\/892#wpcf7-f199-o1\" method=\"post\" class=\"wpcf7-form init\" aria-label=\"Kontaktformular\" novalidate=\"novalidate\" data-status=\"init\">\n<fieldset class=\"hidden-fields-container\"><input type=\"hidden\" name=\"_wpcf7\" value=\"199\" \/><input type=\"hidden\" name=\"_wpcf7_version\" value=\"6.1.5\" \/><input type=\"hidden\" name=\"_wpcf7_locale\" value=\"de_DE\" \/><input type=\"hidden\" name=\"_wpcf7_unit_tag\" value=\"wpcf7-f199-o1\" \/><input type=\"hidden\" name=\"_wpcf7_container_post\" value=\"0\" \/><input type=\"hidden\" name=\"_wpcf7_posted_data_hash\" value=\"\" \/><input type=\"hidden\" name=\"_wpcf7dtx_version\" value=\"5.0.5\" \/>\n<\/fieldset>\n<div class=\"wpcf7-response-output\" aria-hidden=\"true\"><\/div>\n<p><label> gew\u00fcnschte Mitgliedschaftsform (*)<\/label><br \/>\n<span class=\"wpcf7-form-control-wrap\" data-name=\"Mitgliedschaft\"><select class=\"wpcf7-form-control wpcf7-select wpcf7-validates-as-required\" aria-required=\"true\" aria-invalid=\"false\" name=\"Mitgliedschaft\"><option value=\"KunstliebhaberIn\">KunstliebhaberIn<\/option><option value=\"K\u00fcnstlerIn\">K\u00fcnstlerIn<\/option><\/select><\/span>\n<\/p>\n<p><label> Ihr Vorname & Nachname (*)<br \/>\n<span class=\"wpcf7-form-control-wrap\" data-name=\"your-name\"><input size=\"40\" maxlength=\"400\" class=\"wpcf7-form-control wpcf7-text wpcf7-validates-as-required\" aria-required=\"true\" aria-invalid=\"false\" value=\"\" type=\"text\" name=\"your-name\" \/><\/span> <\/label>\n<\/p>\n<p><label> Ihre Adresse (*)<br \/>\n<span class=\"wpcf7-form-control-wrap\" data-name=\"IhreAdresse\"><textarea cols=\"40\" rows=\"10\" maxlength=\"2000\" class=\"wpcf7-form-control wpcf7-textarea wpcf7-validates-as-required\" aria-required=\"true\" aria-invalid=\"false\" name=\"IhreAdresse\"><\/textarea><\/span><\/label>\n<\/p>\n<p><label> Ihre E-Mail-Adresse (*)<br \/>\n<span class=\"wpcf7-form-control-wrap\" data-name=\"your-email\"><input size=\"40\" maxlength=\"400\" class=\"wpcf7-form-control wpcf7-email wpcf7-validates-as-required wpcf7-text wpcf7-validates-as-email\" aria-required=\"true\" aria-invalid=\"false\" value=\"\" type=\"email\" name=\"your-email\" \/><\/span> <\/label>\n<\/p>\n<p><label> Anmerkung<br \/>\n<span class=\"wpcf7-form-control-wrap\" data-name=\"your-message\"><textarea cols=\"40\" rows=\"10\" maxlength=\"2000\" class=\"wpcf7-form-control wpcf7-textarea\" aria-invalid=\"false\" name=\"your-message\"><\/textarea><\/span> <\/label><br \/>\n<span id=\"wpcf7-69f63772a8ba1-wrapper\" class=\"wpcf7-form-control-wrap donotremove-982-wrap\" style=\"display:none !important; visibility:hidden !important;\"><label for=\"wpcf7-69f63772a8ba1-field\" class=\"hp-message\">Bitte lasse dieses Feld leer.<\/label><input id=\"wpcf7-69f63772a8ba1-field\"  class=\"wpcf7-form-control wpcf7-text\" type=\"text\" name=\"donotremove-982\" value=\"\" size=\"40\" tabindex=\"-1\" autocomplete=\"new-password\" \/><\/span>\n<\/p>\n<p><input class=\"wpcf7-form-control wpcf7-submit has-spinner\" type=\"submit\" value=\"Anfragen\" \/>\n<\/p>\n<div class=\"wpcf7-response-output\" aria-hidden=\"true\"><\/div>\n<\/form>\n<\/div>\n[\/vc_column][\/vc_row]<\/p>\n<\/div>","protected":false},"excerpt":{"rendered":"<p>[vc_row][vc_column width=&#8221;1\/4&#8243;][vc_single_image image=&#8221;171&#8243; img_size=&#8221;full&#8221; alignment=&#8221;center&#8221;][\/vc_column][\/vc_row][vc_row][vc_column][vc_text_separator title=&#8221;MITGLIED WERDEN&#8221; color=&#8221;chino&#8221; border_width=&#8221;3&#8243;][vc_column_text][\/vc_column_text][\/vc_column][\/vc_row][vc_row][vc_column width=&#8221;1\/4&#8243;][vc_column_text] LEGYEN M\u00c9G MA A TAGUNK! [\/vc_column_text][\/vc_column][vc_column [&hellip;]<\/p>\n","protected":false},"author":2,"featured_media":0,"parent":0,"menu_order":0,"comment_status":"closed","ping_status":"closed","template":"","meta":{"footnotes":""},"class_list":["post-892","page","type-page","status-publish","hentry"],"yoast_head":"<!-- This site is optimized with the Yoast SEO plugin v27.1.1 - https:\/\/yoast.com\/product\/yoast-seo-wordpress\/ -->\n<title>SZID\u00d3NIA M\u0170V\u00c9SZETI EGYES\u00dcLET - Andrago.at<\/title>\n<meta name=\"robots\" content=\"index, follow, max-snippet:-1, max-image-preview:large, max-video-preview:-1\" \/>\n<link rel=\"canonical\" href=\"https:\/\/andrago.at\/hu\/sidonia-muveszeti-egyesuelet\/\" \/>\n<meta property=\"og:locale\" content=\"hu_HU\" \/>\n<meta property=\"og:type\" content=\"article\" \/>\n<meta property=\"og:title\" content=\"SZID\u00d3NIA M\u0170V\u00c9SZETI EGYES\u00dcLET - Andrago.at\" \/>\n<meta property=\"og:description\" content=\"[vc_row][vc_column width=&#8221;1\/4&#8243;][vc_single_image image=&#8221;171&#8243; img_size=&#8221;full&#8221; alignment=&#8221;center&#8221;][\/vc_column][\/vc_row][vc_row][vc_column][vc_text_separator title=&#8221;MITGLIED WERDEN&#8221; color=&#8221;chino&#8221; border_width=&#8221;3&#8243;][vc_column_text][\/vc_column_text][\/vc_column][\/vc_row][vc_row][vc_column width=&#8221;1\/4&#8243;][vc_column_text] LEGYEN M\u00c9G MA A TAGUNK! [\/vc_column_text][\/vc_column][vc_column [&hellip;]\" \/>\n<meta property=\"og:url\" content=\"https:\/\/andrago.at\/hu\/sidonia-muveszeti-egyesuelet\/\" \/>\n<meta property=\"og:site_name\" content=\"Andrago.at\" \/>\n<meta property=\"article:publisher\" content=\"https:\/\/www.facebook.com\/Andrago-219933181515236\/\" \/>\n<meta property=\"article:modified_time\" content=\"2018-05-11T17:20:37+00:00\" \/>\n<meta name=\"twitter:card\" content=\"summary_large_image\" \/>\n<meta name=\"twitter:site\" content=\"@AgotasWelt\" \/>\n<script type=\"application\/ld+json\" class=\"yoast-schema-graph\">{\"@context\":\"https:\/\/schema.org\",\"@graph\":[{\"@type\":\"WebPage\",\"@id\":\"https:\/\/andrago.at\/hu\/sidonia-muveszeti-egyesuelet\/\",\"url\":\"https:\/\/andrago.at\/hu\/sidonia-muveszeti-egyesuelet\/\",\"name\":\"SZID\u00d3NIA M\u0170V\u00c9SZETI EGYES\u00dcLET - Andrago.at\",\"isPartOf\":{\"@id\":\"https:\/\/andrago.at\/#website\"},\"datePublished\":\"2018-05-11T17:20:23+00:00\",\"dateModified\":\"2018-05-11T17:20:37+00:00\",\"breadcrumb\":{\"@id\":\"https:\/\/andrago.at\/hu\/sidonia-muveszeti-egyesuelet\/#breadcrumb\"},\"inLanguage\":\"hu\",\"potentialAction\":[{\"@type\":\"ReadAction\",\"target\":[\"https:\/\/andrago.at\/hu\/sidonia-muveszeti-egyesuelet\/\"]}]},{\"@type\":\"BreadcrumbList\",\"@id\":\"https:\/\/andrago.at\/hu\/sidonia-muveszeti-egyesuelet\/#breadcrumb\",\"itemListElement\":[{\"@type\":\"ListItem\",\"position\":1,\"name\":\"Startseite\",\"item\":\"https:\/\/andrago.at\/\"},{\"@type\":\"ListItem\",\"position\":2,\"name\":\"SZID\u00d3NIA M\u0170V\u00c9SZETI EGYES\u00dcLET\"}]},{\"@type\":\"WebSite\",\"@id\":\"https:\/\/andrago.at\/#website\",\"url\":\"https:\/\/andrago.at\/\",\"name\":\"Andrago.at\",\"description\":\"ANDRAGO KUNST &amp; KULTUR\",\"publisher\":{\"@id\":\"https:\/\/andrago.at\/#organization\"},\"potentialAction\":[{\"@type\":\"SearchAction\",\"target\":{\"@type\":\"EntryPoint\",\"urlTemplate\":\"https:\/\/andrago.at\/?s={search_term_string}\"},\"query-input\":{\"@type\":\"PropertyValueSpecification\",\"valueRequired\":true,\"valueName\":\"search_term_string\"}}],\"inLanguage\":\"hu\"},{\"@type\":\"Organization\",\"@id\":\"https:\/\/andrago.at\/#organization\",\"name\":\"Andrago\",\"url\":\"https:\/\/andrago.at\/\",\"logo\":{\"@type\":\"ImageObject\",\"inLanguage\":\"hu\",\"@id\":\"https:\/\/andrago.at\/#\/schema\/logo\/image\/\",\"url\":\"http:\/\/andrago.at\/wp-content\/uploads\/2018\/10\/Schwarz-Kontur.jpg\",\"contentUrl\":\"http:\/\/andrago.at\/wp-content\/uploads\/2018\/10\/Schwarz-Kontur.jpg\",\"width\":1358,\"height\":1088,\"caption\":\"Andrago\"},\"image\":{\"@id\":\"https:\/\/andrago.at\/#\/schema\/logo\/image\/\"},\"sameAs\":[\"https:\/\/www.facebook.com\/Andrago-219933181515236\/\",\"https:\/\/x.com\/AgotasWelt\"]}]}<\/script>\n<!-- \/ Yoast SEO plugin. -->","yoast_head_json":{"title":"SZID\u00d3NIA M\u0170V\u00c9SZETI EGYES\u00dcLET - Andrago.at","robots":{"index":"index","follow":"follow","max-snippet":"max-snippet:-1","max-image-preview":"max-image-preview:large","max-video-preview":"max-video-preview:-1"},"canonical":"https:\/\/andrago.at\/hu\/sidonia-muveszeti-egyesuelet\/","og_locale":"hu_HU","og_type":"article","og_title":"SZID\u00d3NIA M\u0170V\u00c9SZETI EGYES\u00dcLET - Andrago.at","og_description":"[vc_row][vc_column width=&#8221;1\/4&#8243;][vc_single_image image=&#8221;171&#8243; img_size=&#8221;full&#8221; alignment=&#8221;center&#8221;][\/vc_column][\/vc_row][vc_row][vc_column][vc_text_separator title=&#8221;MITGLIED WERDEN&#8221; color=&#8221;chino&#8221; border_width=&#8221;3&#8243;][vc_column_text][\/vc_column_text][\/vc_column][\/vc_row][vc_row][vc_column width=&#8221;1\/4&#8243;][vc_column_text] LEGYEN M\u00c9G MA A TAGUNK! [\/vc_column_text][\/vc_column][vc_column [&hellip;]","og_url":"https:\/\/andrago.at\/hu\/sidonia-muveszeti-egyesuelet\/","og_site_name":"Andrago.at","article_publisher":"https:\/\/www.facebook.com\/Andrago-219933181515236\/","article_modified_time":"2018-05-11T17:20:37+00:00","twitter_card":"summary_large_image","twitter_site":"@AgotasWelt","schema":{"@context":"https:\/\/schema.org","@graph":[{"@type":"WebPage","@id":"https:\/\/andrago.at\/hu\/sidonia-muveszeti-egyesuelet\/","url":"https:\/\/andrago.at\/hu\/sidonia-muveszeti-egyesuelet\/","name":"SZID\u00d3NIA M\u0170V\u00c9SZETI EGYES\u00dcLET - Andrago.at","isPartOf":{"@id":"https:\/\/andrago.at\/#website"},"datePublished":"2018-05-11T17:20:23+00:00","dateModified":"2018-05-11T17:20:37+00:00","breadcrumb":{"@id":"https:\/\/andrago.at\/hu\/sidonia-muveszeti-egyesuelet\/#breadcrumb"},"inLanguage":"hu","potentialAction":[{"@type":"ReadAction","target":["https:\/\/andrago.at\/hu\/sidonia-muveszeti-egyesuelet\/"]}]},{"@type":"BreadcrumbList","@id":"https:\/\/andrago.at\/hu\/sidonia-muveszeti-egyesuelet\/#breadcrumb","itemListElement":[{"@type":"ListItem","position":1,"name":"Startseite","item":"https:\/\/andrago.at\/"},{"@type":"ListItem","position":2,"name":"SZID\u00d3NIA M\u0170V\u00c9SZETI EGYES\u00dcLET"}]},{"@type":"WebSite","@id":"https:\/\/andrago.at\/#website","url":"https:\/\/andrago.at\/","name":"Andrago.at","description":"ANDRAGO KUNST &amp; KULTUR","publisher":{"@id":"https:\/\/andrago.at\/#organization"},"potentialAction":[{"@type":"SearchAction","target":{"@type":"EntryPoint","urlTemplate":"https:\/\/andrago.at\/?s={search_term_string}"},"query-input":{"@type":"PropertyValueSpecification","valueRequired":true,"valueName":"search_term_string"}}],"inLanguage":"hu"},{"@type":"Organization","@id":"https:\/\/andrago.at\/#organization","name":"Andrago","url":"https:\/\/andrago.at\/","logo":{"@type":"ImageObject","inLanguage":"hu","@id":"https:\/\/andrago.at\/#\/schema\/logo\/image\/","url":"http:\/\/andrago.at\/wp-content\/uploads\/2018\/10\/Schwarz-Kontur.jpg","contentUrl":"http:\/\/andrago.at\/wp-content\/uploads\/2018\/10\/Schwarz-Kontur.jpg","width":1358,"height":1088,"caption":"Andrago"},"image":{"@id":"https:\/\/andrago.at\/#\/schema\/logo\/image\/"},"sameAs":["https:\/\/www.facebook.com\/Andrago-219933181515236\/","https:\/\/x.com\/AgotasWelt"]}]}},"_links":{"self":[{"href":"https:\/\/andrago.at\/hu\/wp-json\/wp\/v2\/pages\/892","targetHints":{"allow":["GET"]}}],"collection":[{"href":"https:\/\/andrago.at\/hu\/wp-json\/wp\/v2\/pages"}],"about":[{"href":"https:\/\/andrago.at\/hu\/wp-json\/wp\/v2\/types\/page"}],"author":[{"embeddable":true,"href":"https:\/\/andrago.at\/hu\/wp-json\/wp\/v2\/users\/2"}],"replies":[{"embeddable":true,"href":"https:\/\/andrago.at\/hu\/wp-json\/wp\/v2\/comments?post=892"}],"version-history":[{"count":2,"href":"https:\/\/andrago.at\/hu\/wp-json\/wp\/v2\/pages\/892\/revisions"}],"predecessor-version":[{"id":894,"href":"https:\/\/andrago.at\/hu\/wp-json\/wp\/v2\/pages\/892\/revisions\/894"}],"wp:attachment":[{"href":"https:\/\/andrago.at\/hu\/wp-json\/wp\/v2\/media?parent=892"}],"curies":[{"name":"wp","href":"https:\/\/api.w.org\/{rel}","templated":true}]}}