{"id":875,"date":"2018-05-11T19:03:15","date_gmt":"2018-05-11T17:03:15","guid":{"rendered":"http:\/\/andrago.at\/?page_id=875"},"modified":"2020-06-02T23:39:11","modified_gmt":"2020-06-02T21:39:11","slug":"impresszum","status":"publish","type":"page","link":"https:\/\/andrago.at\/hu\/impresszum\/","title":{"rendered":"Impresszum"},"content":{"rendered":"<h3>Tulajdonosi jog &amp; a tartalom\u00e9rt felel:<\/h3>\n<p>\u00c1gota V. Szendrei<br \/>\nA-8583 Hirschegg-Pack<br \/>\n<a href=\"mailto:hello@andrago.at\">hello@andrago.at<\/a><\/p>\n<h3>Copyright:<\/h3>\n<p>\u00a92020 \u00c1gota V. Szendrei<\/p>\n<h3>Webdesign &amp; Programoz\u00f3:<\/h3>\n<p>\u00a92018 PHONGJIM | Florian Werner, <a href=\"http:\/\/www.phongjim.com\/\" target=\"_blank\" rel=\"noopener noreferrer\">phongjim.com<\/a><\/p>\n<h3>Google Analytics Disclaimer:<\/h3>\n<p>Ez a weboldal a Google Inc. (\u201eGoogle\u201c) \u00e1ltal fejlesztett Google Analytics szolg\u00e1ltat\u00e1st haszn\u00e1lja. Google Analytics u.n. \u201eCookies\u201c-t haszn\u00e1l, azaz olyan sz\u00f6veg-adat\u00e1llom\u00e1nyt, melyeket a sz\u00e1m\u00edt\u00f3g\u00e9p r\u00f6gz\u00edt \u00e9s mely lehet\u0151v\u00e9 teszi az \u00d6n \u00e1ltal l\u00e1togatott weboldal elemz\u00e9s\u00e9t. Ez a Cookie-k \u00e1ltal el\u0151\u00e1ll\u00edtott, e weboldallal kapcsolatos \u00e9s az \u00d6n l\u00e1togat\u00e1s\u00e1ra vonatkoz\u00f3 inform\u00e1ci\u00f3 \u00e1ltal\u00e1ban a Google egyik, az Amerikai Egyes\u00fclt \u00c1llamok ter\u00fclet\u00e9n l\u00e9v\u0151 szerver\u00e9re ker\u00fcl, ahol elt\u00e1rol\u00f3dik. A szoftver a weboldalon, az IP-anonimiz\u00e1ci\u00f3 aktiv\u00e1l\u00e1sa eset\u00e9n az \u00d6n r\u00e9szleges IP c\u00edm\u00e9t tov\u00e1bb\u00edtja az Eur\u00f3pai Uni\u00f3n bel\u00fcl, vagy m\u00e1s, az Eur\u00f3pai Gazdas\u00e1gi K\u00f6z\u00f6ss\u00e9ghez tartoz\u00f3 tag\u00e1llamban. Csak kiv\u00e9teles esetekben ker\u00fcl elk\u00fcld\u00e9sre a teljes IP c\u00edm az USA Google szerver\u00e9re \u00e9s ott r\u00f6vid\u00edtik le. A Google a honlap \u00fczemben tart\u00f3j\u00e1nak nev\u00e9ben haszn\u00e1lja fel az inform\u00e1ci\u00f3kat, hogy ki\u00e9rt\u00e9kelje az \u00d6n weboldal haszn\u00e1lati szok\u00e1sait, riportokat \u00e1ll\u00edt \u00f6ssze a web-szerkeszt\u0151k sz\u00e1m\u00e1ra \u00e9s egy\u00e9b szolg\u00e1ltat\u00e1sokat biztos\u00edt sz\u00e1mukra a weboldal aktivit\u00e1s\u00e1ra \u00e9s internet haszn\u00e1latra vonatkoz\u00f3an. Google semmilyen esetben nem hozza \u00f6sszef\u00fcgg\u00e9sbe az \u00d6n IP-c\u00edm\u00e9t m\u00e1s Google-adatokkal. Megtagadhatja a Cookie-k haszn\u00e1lat\u00e1t a b\u00f6ng\u00e9sz\u0151 megfelel\u0151 be\u00e1ll\u00edt\u00e1s\u00e1val. Azonban ebben az esetben el\u0151fordulhat, hogy nem tudja a weboldal minden funkci\u00f3j\u00e1t kihaszn\u00e1lni. V\u00e1laszthatja azt is, hogy a Cookie-k \u00e1ltal keletkezett \u00e9s az \u00d6n weboldalhaszn\u00e1lat\u00e1ra vonatkoz\u00f3 adatok (bele\u00e9rtve az \u00d6n IP-c\u00edme) ne ker\u00fcljenek r\u00f6gz\u00edt\u00e9sre \u00e9s feldolgoz\u00e1sa a Google \u00e1ltal. Ehhez t\u00f6ltse le az al\u00e1bbi hivatkoz\u00e1s (http:\/\/tools.google.com\/dlpage\/gaoptout?hl=de) alatt tal\u00e1l\u00f3 b\u00f6ng\u00e9sz\u0151-Plugin-t \u00e9s telep\u00edtse ezt a sz\u00e1m\u00edt\u00f3g\u00e9p\u00e9re.<\/p>\n","protected":false},"excerpt":{"rendered":"<p>Tulajdonosi jog &amp; a tartalom\u00e9rt felel: \u00c1gota V. Szendrei A-8583 Hirschegg-Pack hello@andrago.at Copyright: \u00a92020 \u00c1gota V. [&hellip;]<\/p>\n","protected":false},"author":2,"featured_media":0,"parent":0,"menu_order":0,"comment_status":"closed","ping_status":"closed","template":"","meta":{"footnotes":""},"class_list":["post-875","page","type-page","status-publish","hentry"],"yoast_head":"<!-- This site is optimized with the Yoast SEO plugin v27.1.1 - https:\/\/yoast.com\/product\/yoast-seo-wordpress\/ -->\n<title>Impresszum - Andrago.at<\/title>\n<meta name=\"robots\" content=\"index, follow, max-snippet:-1, max-image-preview:large, max-video-preview:-1\" \/>\n<link rel=\"canonical\" href=\"https:\/\/andrago.at\/hu\/impresszum\/\" \/>\n<meta property=\"og:locale\" content=\"hu_HU\" \/>\n<meta property=\"og:type\" content=\"article\" \/>\n<meta property=\"og:title\" content=\"Impresszum - Andrago.at\" \/>\n<meta property=\"og:description\" content=\"Tulajdonosi jog &amp; a tartalom\u00e9rt felel: \u00c1gota V. Szendrei A-8583 Hirschegg-Pack hello@andrago.at Copyright: \u00a92020 \u00c1gota V. [&hellip;]\" \/>\n<meta property=\"og:url\" content=\"https:\/\/andrago.at\/hu\/impresszum\/\" \/>\n<meta property=\"og:site_name\" content=\"Andrago.at\" \/>\n<meta property=\"article:publisher\" content=\"https:\/\/www.facebook.com\/Andrago-219933181515236\/\" \/>\n<meta property=\"article:modified_time\" content=\"2020-06-02T21:39:11+00:00\" \/>\n<meta name=\"twitter:card\" content=\"summary_large_image\" \/>\n<meta name=\"twitter:site\" content=\"@AgotasWelt\" \/>\n<meta name=\"twitter:label1\" content=\"Becs\u00fclt olvas\u00e1si id\u0151\" \/>\n\t<meta name=\"twitter:data1\" content=\"2 perc\" \/>\n<script type=\"application\/ld+json\" class=\"yoast-schema-graph\">{\"@context\":\"https:\/\/schema.org\",\"@graph\":[{\"@type\":\"WebPage\",\"@id\":\"https:\/\/andrago.at\/hu\/impresszum\/\",\"url\":\"https:\/\/andrago.at\/hu\/impresszum\/\",\"name\":\"Impresszum - Andrago.at\",\"isPartOf\":{\"@id\":\"https:\/\/andrago.at\/#website\"},\"datePublished\":\"2018-05-11T17:03:15+00:00\",\"dateModified\":\"2020-06-02T21:39:11+00:00\",\"breadcrumb\":{\"@id\":\"https:\/\/andrago.at\/hu\/impresszum\/#breadcrumb\"},\"inLanguage\":\"hu\",\"potentialAction\":[{\"@type\":\"ReadAction\",\"target\":[\"https:\/\/andrago.at\/hu\/impresszum\/\"]}]},{\"@type\":\"BreadcrumbList\",\"@id\":\"https:\/\/andrago.at\/hu\/impresszum\/#breadcrumb\",\"itemListElement\":[{\"@type\":\"ListItem\",\"position\":1,\"name\":\"Startseite\",\"item\":\"https:\/\/andrago.at\/\"},{\"@type\":\"ListItem\",\"position\":2,\"name\":\"Impresszum\"}]},{\"@type\":\"WebSite\",\"@id\":\"https:\/\/andrago.at\/#website\",\"url\":\"https:\/\/andrago.at\/\",\"name\":\"Andrago.at\",\"description\":\"ANDRAGO KUNST &amp; KULTUR\",\"publisher\":{\"@id\":\"https:\/\/andrago.at\/#organization\"},\"potentialAction\":[{\"@type\":\"SearchAction\",\"target\":{\"@type\":\"EntryPoint\",\"urlTemplate\":\"https:\/\/andrago.at\/?s={search_term_string}\"},\"query-input\":{\"@type\":\"PropertyValueSpecification\",\"valueRequired\":true,\"valueName\":\"search_term_string\"}}],\"inLanguage\":\"hu\"},{\"@type\":\"Organization\",\"@id\":\"https:\/\/andrago.at\/#organization\",\"name\":\"Andrago\",\"url\":\"https:\/\/andrago.at\/\",\"logo\":{\"@type\":\"ImageObject\",\"inLanguage\":\"hu\",\"@id\":\"https:\/\/andrago.at\/#\/schema\/logo\/image\/\",\"url\":\"http:\/\/andrago.at\/wp-content\/uploads\/2018\/10\/Schwarz-Kontur.jpg\",\"contentUrl\":\"http:\/\/andrago.at\/wp-content\/uploads\/2018\/10\/Schwarz-Kontur.jpg\",\"width\":1358,\"height\":1088,\"caption\":\"Andrago\"},\"image\":{\"@id\":\"https:\/\/andrago.at\/#\/schema\/logo\/image\/\"},\"sameAs\":[\"https:\/\/www.facebook.com\/Andrago-219933181515236\/\",\"https:\/\/x.com\/AgotasWelt\"]}]}<\/script>\n<!-- \/ Yoast SEO plugin. -->","yoast_head_json":{"title":"Impresszum - Andrago.at","robots":{"index":"index","follow":"follow","max-snippet":"max-snippet:-1","max-image-preview":"max-image-preview:large","max-video-preview":"max-video-preview:-1"},"canonical":"https:\/\/andrago.at\/hu\/impresszum\/","og_locale":"hu_HU","og_type":"article","og_title":"Impresszum - Andrago.at","og_description":"Tulajdonosi jog &amp; a tartalom\u00e9rt felel: \u00c1gota V. Szendrei A-8583 Hirschegg-Pack hello@andrago.at Copyright: \u00a92020 \u00c1gota V. [&hellip;]","og_url":"https:\/\/andrago.at\/hu\/impresszum\/","og_site_name":"Andrago.at","article_publisher":"https:\/\/www.facebook.com\/Andrago-219933181515236\/","article_modified_time":"2020-06-02T21:39:11+00:00","twitter_card":"summary_large_image","twitter_site":"@AgotasWelt","twitter_misc":{"Becs\u00fclt olvas\u00e1si id\u0151":"2 perc"},"schema":{"@context":"https:\/\/schema.org","@graph":[{"@type":"WebPage","@id":"https:\/\/andrago.at\/hu\/impresszum\/","url":"https:\/\/andrago.at\/hu\/impresszum\/","name":"Impresszum - Andrago.at","isPartOf":{"@id":"https:\/\/andrago.at\/#website"},"datePublished":"2018-05-11T17:03:15+00:00","dateModified":"2020-06-02T21:39:11+00:00","breadcrumb":{"@id":"https:\/\/andrago.at\/hu\/impresszum\/#breadcrumb"},"inLanguage":"hu","potentialAction":[{"@type":"ReadAction","target":["https:\/\/andrago.at\/hu\/impresszum\/"]}]},{"@type":"BreadcrumbList","@id":"https:\/\/andrago.at\/hu\/impresszum\/#breadcrumb","itemListElement":[{"@type":"ListItem","position":1,"name":"Startseite","item":"https:\/\/andrago.at\/"},{"@type":"ListItem","position":2,"name":"Impresszum"}]},{"@type":"WebSite","@id":"https:\/\/andrago.at\/#website","url":"https:\/\/andrago.at\/","name":"Andrago.at","description":"ANDRAGO KUNST &amp; KULTUR","publisher":{"@id":"https:\/\/andrago.at\/#organization"},"potentialAction":[{"@type":"SearchAction","target":{"@type":"EntryPoint","urlTemplate":"https:\/\/andrago.at\/?s={search_term_string}"},"query-input":{"@type":"PropertyValueSpecification","valueRequired":true,"valueName":"search_term_string"}}],"inLanguage":"hu"},{"@type":"Organization","@id":"https:\/\/andrago.at\/#organization","name":"Andrago","url":"https:\/\/andrago.at\/","logo":{"@type":"ImageObject","inLanguage":"hu","@id":"https:\/\/andrago.at\/#\/schema\/logo\/image\/","url":"http:\/\/andrago.at\/wp-content\/uploads\/2018\/10\/Schwarz-Kontur.jpg","contentUrl":"http:\/\/andrago.at\/wp-content\/uploads\/2018\/10\/Schwarz-Kontur.jpg","width":1358,"height":1088,"caption":"Andrago"},"image":{"@id":"https:\/\/andrago.at\/#\/schema\/logo\/image\/"},"sameAs":["https:\/\/www.facebook.com\/Andrago-219933181515236\/","https:\/\/x.com\/AgotasWelt"]}]}},"_links":{"self":[{"href":"https:\/\/andrago.at\/hu\/wp-json\/wp\/v2\/pages\/875","targetHints":{"allow":["GET"]}}],"collection":[{"href":"https:\/\/andrago.at\/hu\/wp-json\/wp\/v2\/pages"}],"about":[{"href":"https:\/\/andrago.at\/hu\/wp-json\/wp\/v2\/types\/page"}],"author":[{"embeddable":true,"href":"https:\/\/andrago.at\/hu\/wp-json\/wp\/v2\/users\/2"}],"replies":[{"embeddable":true,"href":"https:\/\/andrago.at\/hu\/wp-json\/wp\/v2\/comments?post=875"}],"version-history":[{"count":3,"href":"https:\/\/andrago.at\/hu\/wp-json\/wp\/v2\/pages\/875\/revisions"}],"predecessor-version":[{"id":2778,"href":"https:\/\/andrago.at\/hu\/wp-json\/wp\/v2\/pages\/875\/revisions\/2778"}],"wp:attachment":[{"href":"https:\/\/andrago.at\/hu\/wp-json\/wp\/v2\/media?parent=875"}],"curies":[{"name":"wp","href":"https:\/\/api.w.org\/{rel}","templated":true}]}}