{"id":828,"date":"2018-01-12T14:32:13","date_gmt":"2018-01-12T13:32:13","guid":{"rendered":"http:\/\/andrago.at\/?page_id=828"},"modified":"2025-03-10T21:11:15","modified_gmt":"2025-03-10T20:11:15","slug":"kontaktus","status":"publish","type":"page","link":"https:\/\/andrago.at\/hu\/kontaktus\/","title":{"rendered":"El\u00e9rhet\u0151s\u00e9geink"},"content":{"rendered":"<div class=\"wpb-content-wrapper\"><p>[vc_row][vc_column width=&#8221;1\/2&#8243;][vc_gallery interval=&#8221;3&#8243; images=&#8221;3196,1790,1005&#8243; css=&#8221;&#8221;][\/vc_column][vc_column width=&#8221;1\/2&#8243;][vc_column_text]<\/p>\n<h2 style=\"text-align: left;\">ANDRAGO<\/h2>\n<div class=\"\" style=\"text-align: left;\"><strong>Andreas M.\u00a0&amp; \u00a0\u00c1gota V.<\/strong><\/div>\n<div class=\"\" style=\"text-align: left;\"><strong>BACHER \u00a0 \u00a0 \u00a0 \u00a0 \u00a0SZENDREI<\/strong><\/div>\n<div class=\"\" style=\"text-align: left;\">\u00c9rdekl\u0151dik a m\u0171v\u00e9szet\u00fcnk,<\/div>\n<div class=\"\" style=\"text-align: left;\">ki\u00e1ll\u00edt\u00e1saink vagy \u00f6tleteink ir\u00e1nt?<\/div>\n<div style=\"text-align: left;\">Szeretne egy visszajelz\u00e9st k\u00fcldeni?<\/div>\n<div style=\"text-align: left;\">M\u00e1r el\u0151re \u00f6r\u00fcl\u00fcnk a jelentkez\u00e9s\u00e9nek!<\/div>\n<div style=\"text-align: left;\"><\/div>\n<div style=\"text-align: left;\"><strong>Mail:<\/strong> \u00a0<a class=\"\" href=\"mailto:hello@andrago.at\">hello@andrago.at<\/a><\/div>\n<div style=\"text-align: left;\"><strong><a href=\"https:\/\/twitter.com\/AgotasWelt\">Twitter<\/a> \/ <a href=\"https:\/\/www.instagram.com\/andragoart\/\">Instagram<\/a><\/strong><\/div>\n<div style=\"text-align: left;\"><a href=\"https:\/\/www.facebook.com\/Andrago-219933181515236\/\">Facebook<\/a>\u00a0\/ <a href=\"https:\/\/www.youtube.com\/channel\/UC3NQAubEOTWQlw9yWrF2d0Q\/videos?view_as=subscriber\">YouTube<\/a> \/ <a href=\"https:\/\/vimeo.com\/user52901360\">Vimeo<\/a><\/div>\n<p>[\/vc_column_text][\/vc_column][\/vc_row][vc_row][vc_column][vc_column_text][\/vc_column_text][vc_column_text]<\/p>\n<div style=\"text-align: center;\">Ist tudnak a vend\u00e9glist\u00e1ra feliratkozni, hogy<\/div>\n<div style=\"text-align: center;\">aktu\u00e1lis inform\u00e1ci\u00f3kat, megh\u00edv\u00f3kat kapjanak ANDRAGOval kapcsolatban.<\/div>\n<div><\/div>\n<p>[\/vc_column_text][\/vc_column][\/vc_row]<\/p>\n<\/div>","protected":false},"excerpt":{"rendered":"<p>[vc_row][vc_column width=&#8221;1\/2&#8243;][vc_gallery interval=&#8221;3&#8243; images=&#8221;3196,1790,1005&#8243; css=&#8221;&#8221;][\/vc_column][vc_column width=&#8221;1\/2&#8243;][vc_column_text] ANDRAGO Andreas M.\u00a0&amp; \u00a0\u00c1gota V. BACHER \u00a0 \u00a0 \u00a0 \u00a0 [&hellip;]<\/p>\n","protected":false},"author":1,"featured_media":0,"parent":0,"menu_order":0,"comment_status":"closed","ping_status":"closed","template":"","meta":{"footnotes":""},"class_list":["post-828","page","type-page","status-publish","hentry"],"yoast_head":"<!-- This site is optimized with the Yoast SEO plugin v27.1.1 - https:\/\/yoast.com\/product\/yoast-seo-wordpress\/ -->\n<title>El\u00e9rhet\u0151s\u00e9geink - Andrago.at<\/title>\n<meta name=\"robots\" content=\"index, follow, max-snippet:-1, max-image-preview:large, max-video-preview:-1\" \/>\n<link rel=\"canonical\" href=\"https:\/\/andrago.at\/hu\/kontaktus\/\" \/>\n<meta property=\"og:locale\" content=\"hu_HU\" \/>\n<meta property=\"og:type\" content=\"article\" \/>\n<meta property=\"og:title\" content=\"El\u00e9rhet\u0151s\u00e9geink - Andrago.at\" \/>\n<meta property=\"og:description\" content=\"[vc_row][vc_column width=&#8221;1\/2&#8243;][vc_gallery interval=&#8221;3&#8243; images=&#8221;3196,1790,1005&#8243; css=&#8221;&#8221;][\/vc_column][vc_column width=&#8221;1\/2&#8243;][vc_column_text] ANDRAGO Andreas M.\u00a0&amp; \u00a0\u00c1gota V. BACHER \u00a0 \u00a0 \u00a0 \u00a0 [&hellip;]\" \/>\n<meta property=\"og:url\" content=\"https:\/\/andrago.at\/hu\/kontaktus\/\" \/>\n<meta property=\"og:site_name\" content=\"Andrago.at\" \/>\n<meta property=\"article:publisher\" content=\"https:\/\/www.facebook.com\/Andrago-219933181515236\/\" \/>\n<meta property=\"article:modified_time\" content=\"2025-03-10T20:11:15+00:00\" \/>\n<meta name=\"twitter:card\" content=\"summary_large_image\" \/>\n<meta name=\"twitter:site\" content=\"@AgotasWelt\" \/>\n<meta name=\"twitter:label1\" content=\"Becs\u00fclt olvas\u00e1si id\u0151\" \/>\n\t<meta name=\"twitter:data1\" content=\"1 perc\" \/>\n<script type=\"application\/ld+json\" class=\"yoast-schema-graph\">{\"@context\":\"https:\/\/schema.org\",\"@graph\":[{\"@type\":\"WebPage\",\"@id\":\"https:\/\/andrago.at\/hu\/kontaktus\/\",\"url\":\"https:\/\/andrago.at\/hu\/kontaktus\/\",\"name\":\"El\u00e9rhet\u0151s\u00e9geink - Andrago.at\",\"isPartOf\":{\"@id\":\"https:\/\/andrago.at\/#website\"},\"datePublished\":\"2018-01-12T13:32:13+00:00\",\"dateModified\":\"2025-03-10T20:11:15+00:00\",\"breadcrumb\":{\"@id\":\"https:\/\/andrago.at\/hu\/kontaktus\/#breadcrumb\"},\"inLanguage\":\"hu\",\"potentialAction\":[{\"@type\":\"ReadAction\",\"target\":[\"https:\/\/andrago.at\/hu\/kontaktus\/\"]}]},{\"@type\":\"BreadcrumbList\",\"@id\":\"https:\/\/andrago.at\/hu\/kontaktus\/#breadcrumb\",\"itemListElement\":[{\"@type\":\"ListItem\",\"position\":1,\"name\":\"Startseite\",\"item\":\"https:\/\/andrago.at\/\"},{\"@type\":\"ListItem\",\"position\":2,\"name\":\"El\u00e9rhet\u0151s\u00e9geink\"}]},{\"@type\":\"WebSite\",\"@id\":\"https:\/\/andrago.at\/#website\",\"url\":\"https:\/\/andrago.at\/\",\"name\":\"Andrago.at\",\"description\":\"ANDRAGO KUNST &amp; KULTUR\",\"publisher\":{\"@id\":\"https:\/\/andrago.at\/#organization\"},\"potentialAction\":[{\"@type\":\"SearchAction\",\"target\":{\"@type\":\"EntryPoint\",\"urlTemplate\":\"https:\/\/andrago.at\/?s={search_term_string}\"},\"query-input\":{\"@type\":\"PropertyValueSpecification\",\"valueRequired\":true,\"valueName\":\"search_term_string\"}}],\"inLanguage\":\"hu\"},{\"@type\":\"Organization\",\"@id\":\"https:\/\/andrago.at\/#organization\",\"name\":\"Andrago\",\"url\":\"https:\/\/andrago.at\/\",\"logo\":{\"@type\":\"ImageObject\",\"inLanguage\":\"hu\",\"@id\":\"https:\/\/andrago.at\/#\/schema\/logo\/image\/\",\"url\":\"http:\/\/andrago.at\/wp-content\/uploads\/2018\/10\/Schwarz-Kontur.jpg\",\"contentUrl\":\"http:\/\/andrago.at\/wp-content\/uploads\/2018\/10\/Schwarz-Kontur.jpg\",\"width\":1358,\"height\":1088,\"caption\":\"Andrago\"},\"image\":{\"@id\":\"https:\/\/andrago.at\/#\/schema\/logo\/image\/\"},\"sameAs\":[\"https:\/\/www.facebook.com\/Andrago-219933181515236\/\",\"https:\/\/x.com\/AgotasWelt\"]}]}<\/script>\n<!-- \/ Yoast SEO plugin. -->","yoast_head_json":{"title":"El\u00e9rhet\u0151s\u00e9geink - Andrago.at","robots":{"index":"index","follow":"follow","max-snippet":"max-snippet:-1","max-image-preview":"max-image-preview:large","max-video-preview":"max-video-preview:-1"},"canonical":"https:\/\/andrago.at\/hu\/kontaktus\/","og_locale":"hu_HU","og_type":"article","og_title":"El\u00e9rhet\u0151s\u00e9geink - Andrago.at","og_description":"[vc_row][vc_column width=&#8221;1\/2&#8243;][vc_gallery interval=&#8221;3&#8243; images=&#8221;3196,1790,1005&#8243; css=&#8221;&#8221;][\/vc_column][vc_column width=&#8221;1\/2&#8243;][vc_column_text] ANDRAGO Andreas M.\u00a0&amp; \u00a0\u00c1gota V. BACHER \u00a0 \u00a0 \u00a0 \u00a0 [&hellip;]","og_url":"https:\/\/andrago.at\/hu\/kontaktus\/","og_site_name":"Andrago.at","article_publisher":"https:\/\/www.facebook.com\/Andrago-219933181515236\/","article_modified_time":"2025-03-10T20:11:15+00:00","twitter_card":"summary_large_image","twitter_site":"@AgotasWelt","twitter_misc":{"Becs\u00fclt olvas\u00e1si id\u0151":"1 perc"},"schema":{"@context":"https:\/\/schema.org","@graph":[{"@type":"WebPage","@id":"https:\/\/andrago.at\/hu\/kontaktus\/","url":"https:\/\/andrago.at\/hu\/kontaktus\/","name":"El\u00e9rhet\u0151s\u00e9geink - Andrago.at","isPartOf":{"@id":"https:\/\/andrago.at\/#website"},"datePublished":"2018-01-12T13:32:13+00:00","dateModified":"2025-03-10T20:11:15+00:00","breadcrumb":{"@id":"https:\/\/andrago.at\/hu\/kontaktus\/#breadcrumb"},"inLanguage":"hu","potentialAction":[{"@type":"ReadAction","target":["https:\/\/andrago.at\/hu\/kontaktus\/"]}]},{"@type":"BreadcrumbList","@id":"https:\/\/andrago.at\/hu\/kontaktus\/#breadcrumb","itemListElement":[{"@type":"ListItem","position":1,"name":"Startseite","item":"https:\/\/andrago.at\/"},{"@type":"ListItem","position":2,"name":"El\u00e9rhet\u0151s\u00e9geink"}]},{"@type":"WebSite","@id":"https:\/\/andrago.at\/#website","url":"https:\/\/andrago.at\/","name":"Andrago.at","description":"ANDRAGO KUNST &amp; KULTUR","publisher":{"@id":"https:\/\/andrago.at\/#organization"},"potentialAction":[{"@type":"SearchAction","target":{"@type":"EntryPoint","urlTemplate":"https:\/\/andrago.at\/?s={search_term_string}"},"query-input":{"@type":"PropertyValueSpecification","valueRequired":true,"valueName":"search_term_string"}}],"inLanguage":"hu"},{"@type":"Organization","@id":"https:\/\/andrago.at\/#organization","name":"Andrago","url":"https:\/\/andrago.at\/","logo":{"@type":"ImageObject","inLanguage":"hu","@id":"https:\/\/andrago.at\/#\/schema\/logo\/image\/","url":"http:\/\/andrago.at\/wp-content\/uploads\/2018\/10\/Schwarz-Kontur.jpg","contentUrl":"http:\/\/andrago.at\/wp-content\/uploads\/2018\/10\/Schwarz-Kontur.jpg","width":1358,"height":1088,"caption":"Andrago"},"image":{"@id":"https:\/\/andrago.at\/#\/schema\/logo\/image\/"},"sameAs":["https:\/\/www.facebook.com\/Andrago-219933181515236\/","https:\/\/x.com\/AgotasWelt"]}]}},"_links":{"self":[{"href":"https:\/\/andrago.at\/hu\/wp-json\/wp\/v2\/pages\/828","targetHints":{"allow":["GET"]}}],"collection":[{"href":"https:\/\/andrago.at\/hu\/wp-json\/wp\/v2\/pages"}],"about":[{"href":"https:\/\/andrago.at\/hu\/wp-json\/wp\/v2\/types\/page"}],"author":[{"embeddable":true,"href":"https:\/\/andrago.at\/hu\/wp-json\/wp\/v2\/users\/1"}],"replies":[{"embeddable":true,"href":"https:\/\/andrago.at\/hu\/wp-json\/wp\/v2\/comments?post=828"}],"version-history":[{"count":8,"href":"https:\/\/andrago.at\/hu\/wp-json\/wp\/v2\/pages\/828\/revisions"}],"predecessor-version":[{"id":3243,"href":"https:\/\/andrago.at\/hu\/wp-json\/wp\/v2\/pages\/828\/revisions\/3243"}],"wp:attachment":[{"href":"https:\/\/andrago.at\/hu\/wp-json\/wp\/v2\/media?parent=828"}],"curies":[{"name":"wp","href":"https:\/\/api.w.org\/{rel}","templated":true}]}}