{"id":820,"date":"2018-01-11T17:25:26","date_gmt":"2018-01-11T16:25:26","guid":{"rendered":"http:\/\/andrago.at\/?page_id=820"},"modified":"2019-10-09T23:07:37","modified_gmt":"2019-10-09T21:07:37","slug":"installationen","status":"publish","type":"page","link":"https:\/\/andrago.at\/hu\/installationen\/","title":{"rendered":"Install\u00e1ci\u00f3k"},"content":{"rendered":"<div class=\"wpb-content-wrapper\"><p>[vc_row][vc_column][vc_video link=&#8221;https:\/\/www.youtube.com\/watch?v=YwZk4tlBVeg&#8221;][\/vc_column][\/vc_row][vc_row][vc_column width=&#8221;1\/2&#8243;][vc_video link=&#8221;https:\/\/vimeo.com\/220814818&#8243;][\/vc_column][vc_column width=&#8221;1\/2&#8243;][vc_video link=&#8221;https:\/\/www.youtube.com\/watch?v=0IeQptPpKrs&#8221;][\/vc_column][\/vc_row][vc_row][vc_column][vc_video link=&#8221;https:\/\/www.youtube.com\/watch?v=Ma6e_wCS6L8&#8243; el_class=&#8221;Hotel Excelsior&#8221;][\/vc_column][\/vc_row][vc_row][vc_column width=&#8221;1\/2&#8243;][vc_video link=&#8221;https:\/\/vimeo.com\/233816640&#8243;][\/vc_column][vc_column width=&#8221;1\/2&#8243;][vc_video link=&#8221;https:\/\/www.youtube.com\/watch?v=6Mo4kUYYZWY&#8221;][\/vc_column][\/vc_row][vc_row][vc_column][vc_video link=&#8221;https:\/\/vimeo.com\/255762457&#8243;][\/vc_column][\/vc_row][vc_row][vc_column width=&#8221;1\/2&#8243;][vc_video link=&#8221;https:\/\/vimeo.com\/169135943&#8243;][\/vc_column][vc_column width=&#8221;1\/2&#8243;][vc_video link=&#8221;https:\/\/vimeo.com\/218507930&#8243; el_class=&#8221;Traveling Fish on the Road with&#8221;][\/vc_column][\/vc_row][vc_row][vc_column][vc_images_carousel images=&#8221;1019,1018,1017,1016,1015,1014,1013,1012,1011,1010&#8243; img_size=&#8221;full&#8221; slides_per_view=&#8221;3&#8243; autoplay=&#8221;yes&#8221; title=&#8221;Schaufenster Installation in Graz (Raumgestaltung: www.isoldeskrabitz.com)&#8221;][\/vc_column][\/vc_row]<\/p>\n<\/div>","protected":false},"excerpt":{"rendered":"<p>[vc_row][vc_column][vc_video link=&#8221;https:\/\/www.youtube.com\/watch?v=YwZk4tlBVeg&#8221;][\/vc_column][\/vc_row][vc_row][vc_column width=&#8221;1\/2&#8243;][vc_video link=&#8221;https:\/\/vimeo.com\/220814818&#8243;][\/vc_column][vc_column width=&#8221;1\/2&#8243;][vc_video link=&#8221;https:\/\/www.youtube.com\/watch?v=0IeQptPpKrs&#8221;][\/vc_column][\/vc_row][vc_row][vc_column][vc_video link=&#8221;https:\/\/www.youtube.com\/watch?v=Ma6e_wCS6L8&#8243; el_class=&#8221;Hotel Excelsior&#8221;][\/vc_column][\/vc_row][vc_row][vc_column width=&#8221;1\/2&#8243;][vc_video link=&#8221;https:\/\/vimeo.com\/233816640&#8243;][\/vc_column][vc_column width=&#8221;1\/2&#8243;][vc_video link=&#8221;https:\/\/www.youtube.com\/watch?v=6Mo4kUYYZWY&#8221;][\/vc_column][\/vc_row][vc_row][vc_column][vc_video link=&#8221;https:\/\/vimeo.com\/255762457&#8243;][\/vc_column][\/vc_row][vc_row][vc_column width=&#8221;1\/2&#8243;][vc_video link=&#8221;https:\/\/vimeo.com\/169135943&#8243;][\/vc_column][vc_column [&hellip;]<\/p>\n","protected":false},"author":1,"featured_media":0,"parent":0,"menu_order":0,"comment_status":"closed","ping_status":"closed","template":"","meta":{"footnotes":""},"class_list":["post-820","page","type-page","status-publish","hentry"],"yoast_head":"<!-- This site is optimized with the Yoast SEO plugin v27.1.1 - https:\/\/yoast.com\/product\/yoast-seo-wordpress\/ -->\n<title>Install\u00e1ci\u00f3k - Andrago.at<\/title>\n<meta name=\"robots\" content=\"index, follow, max-snippet:-1, max-image-preview:large, max-video-preview:-1\" \/>\n<link rel=\"canonical\" href=\"https:\/\/andrago.at\/hu\/installationen\/\" \/>\n<meta property=\"og:locale\" content=\"hu_HU\" \/>\n<meta property=\"og:type\" content=\"article\" \/>\n<meta property=\"og:title\" content=\"Install\u00e1ci\u00f3k - Andrago.at\" \/>\n<meta property=\"og:description\" content=\"[vc_row][vc_column][vc_video link=&#8221;https:\/\/www.youtube.com\/watch?v=YwZk4tlBVeg&#8221;][\/vc_column][\/vc_row][vc_row][vc_column width=&#8221;1\/2&#8243;][vc_video link=&#8221;https:\/\/vimeo.com\/220814818&#8243;][\/vc_column][vc_column width=&#8221;1\/2&#8243;][vc_video link=&#8221;https:\/\/www.youtube.com\/watch?v=0IeQptPpKrs&#8221;][\/vc_column][\/vc_row][vc_row][vc_column][vc_video link=&#8221;https:\/\/www.youtube.com\/watch?v=Ma6e_wCS6L8&#8243; el_class=&#8221;Hotel Excelsior&#8221;][\/vc_column][\/vc_row][vc_row][vc_column width=&#8221;1\/2&#8243;][vc_video link=&#8221;https:\/\/vimeo.com\/233816640&#8243;][\/vc_column][vc_column width=&#8221;1\/2&#8243;][vc_video link=&#8221;https:\/\/www.youtube.com\/watch?v=6Mo4kUYYZWY&#8221;][\/vc_column][\/vc_row][vc_row][vc_column][vc_video link=&#8221;https:\/\/vimeo.com\/255762457&#8243;][\/vc_column][\/vc_row][vc_row][vc_column width=&#8221;1\/2&#8243;][vc_video link=&#8221;https:\/\/vimeo.com\/169135943&#8243;][\/vc_column][vc_column [&hellip;]\" \/>\n<meta property=\"og:url\" content=\"https:\/\/andrago.at\/hu\/installationen\/\" \/>\n<meta property=\"og:site_name\" content=\"Andrago.at\" \/>\n<meta property=\"article:publisher\" content=\"https:\/\/www.facebook.com\/Andrago-219933181515236\/\" \/>\n<meta property=\"article:modified_time\" content=\"2019-10-09T21:07:37+00:00\" \/>\n<meta name=\"twitter:card\" content=\"summary_large_image\" \/>\n<meta name=\"twitter:site\" content=\"@AgotasWelt\" \/>\n<meta name=\"twitter:label1\" content=\"Becs\u00fclt olvas\u00e1si id\u0151\" \/>\n\t<meta name=\"twitter:data1\" content=\"1 perc\" \/>\n<script type=\"application\/ld+json\" class=\"yoast-schema-graph\">{\"@context\":\"https:\/\/schema.org\",\"@graph\":[{\"@type\":\"WebPage\",\"@id\":\"https:\/\/andrago.at\/hu\/installationen\/\",\"url\":\"https:\/\/andrago.at\/hu\/installationen\/\",\"name\":\"Install\u00e1ci\u00f3k - Andrago.at\",\"isPartOf\":{\"@id\":\"https:\/\/andrago.at\/#website\"},\"datePublished\":\"2018-01-11T16:25:26+00:00\",\"dateModified\":\"2019-10-09T21:07:37+00:00\",\"breadcrumb\":{\"@id\":\"https:\/\/andrago.at\/hu\/installationen\/#breadcrumb\"},\"inLanguage\":\"hu\",\"potentialAction\":[{\"@type\":\"ReadAction\",\"target\":[\"https:\/\/andrago.at\/hu\/installationen\/\"]}]},{\"@type\":\"BreadcrumbList\",\"@id\":\"https:\/\/andrago.at\/hu\/installationen\/#breadcrumb\",\"itemListElement\":[{\"@type\":\"ListItem\",\"position\":1,\"name\":\"Startseite\",\"item\":\"https:\/\/andrago.at\/\"},{\"@type\":\"ListItem\",\"position\":2,\"name\":\"Install\u00e1ci\u00f3k\"}]},{\"@type\":\"WebSite\",\"@id\":\"https:\/\/andrago.at\/#website\",\"url\":\"https:\/\/andrago.at\/\",\"name\":\"Andrago.at\",\"description\":\"ANDRAGO KUNST &amp; KULTUR\",\"publisher\":{\"@id\":\"https:\/\/andrago.at\/#organization\"},\"potentialAction\":[{\"@type\":\"SearchAction\",\"target\":{\"@type\":\"EntryPoint\",\"urlTemplate\":\"https:\/\/andrago.at\/?s={search_term_string}\"},\"query-input\":{\"@type\":\"PropertyValueSpecification\",\"valueRequired\":true,\"valueName\":\"search_term_string\"}}],\"inLanguage\":\"hu\"},{\"@type\":\"Organization\",\"@id\":\"https:\/\/andrago.at\/#organization\",\"name\":\"Andrago\",\"url\":\"https:\/\/andrago.at\/\",\"logo\":{\"@type\":\"ImageObject\",\"inLanguage\":\"hu\",\"@id\":\"https:\/\/andrago.at\/#\/schema\/logo\/image\/\",\"url\":\"http:\/\/andrago.at\/wp-content\/uploads\/2018\/10\/Schwarz-Kontur.jpg\",\"contentUrl\":\"http:\/\/andrago.at\/wp-content\/uploads\/2018\/10\/Schwarz-Kontur.jpg\",\"width\":1358,\"height\":1088,\"caption\":\"Andrago\"},\"image\":{\"@id\":\"https:\/\/andrago.at\/#\/schema\/logo\/image\/\"},\"sameAs\":[\"https:\/\/www.facebook.com\/Andrago-219933181515236\/\",\"https:\/\/x.com\/AgotasWelt\"]}]}<\/script>\n<!-- \/ Yoast SEO plugin. -->","yoast_head_json":{"title":"Install\u00e1ci\u00f3k - Andrago.at","robots":{"index":"index","follow":"follow","max-snippet":"max-snippet:-1","max-image-preview":"max-image-preview:large","max-video-preview":"max-video-preview:-1"},"canonical":"https:\/\/andrago.at\/hu\/installationen\/","og_locale":"hu_HU","og_type":"article","og_title":"Install\u00e1ci\u00f3k - Andrago.at","og_description":"[vc_row][vc_column][vc_video link=&#8221;https:\/\/www.youtube.com\/watch?v=YwZk4tlBVeg&#8221;][\/vc_column][\/vc_row][vc_row][vc_column width=&#8221;1\/2&#8243;][vc_video link=&#8221;https:\/\/vimeo.com\/220814818&#8243;][\/vc_column][vc_column width=&#8221;1\/2&#8243;][vc_video link=&#8221;https:\/\/www.youtube.com\/watch?v=0IeQptPpKrs&#8221;][\/vc_column][\/vc_row][vc_row][vc_column][vc_video link=&#8221;https:\/\/www.youtube.com\/watch?v=Ma6e_wCS6L8&#8243; el_class=&#8221;Hotel Excelsior&#8221;][\/vc_column][\/vc_row][vc_row][vc_column width=&#8221;1\/2&#8243;][vc_video link=&#8221;https:\/\/vimeo.com\/233816640&#8243;][\/vc_column][vc_column width=&#8221;1\/2&#8243;][vc_video link=&#8221;https:\/\/www.youtube.com\/watch?v=6Mo4kUYYZWY&#8221;][\/vc_column][\/vc_row][vc_row][vc_column][vc_video link=&#8221;https:\/\/vimeo.com\/255762457&#8243;][\/vc_column][\/vc_row][vc_row][vc_column width=&#8221;1\/2&#8243;][vc_video link=&#8221;https:\/\/vimeo.com\/169135943&#8243;][\/vc_column][vc_column [&hellip;]","og_url":"https:\/\/andrago.at\/hu\/installationen\/","og_site_name":"Andrago.at","article_publisher":"https:\/\/www.facebook.com\/Andrago-219933181515236\/","article_modified_time":"2019-10-09T21:07:37+00:00","twitter_card":"summary_large_image","twitter_site":"@AgotasWelt","twitter_misc":{"Becs\u00fclt olvas\u00e1si id\u0151":"1 perc"},"schema":{"@context":"https:\/\/schema.org","@graph":[{"@type":"WebPage","@id":"https:\/\/andrago.at\/hu\/installationen\/","url":"https:\/\/andrago.at\/hu\/installationen\/","name":"Install\u00e1ci\u00f3k - Andrago.at","isPartOf":{"@id":"https:\/\/andrago.at\/#website"},"datePublished":"2018-01-11T16:25:26+00:00","dateModified":"2019-10-09T21:07:37+00:00","breadcrumb":{"@id":"https:\/\/andrago.at\/hu\/installationen\/#breadcrumb"},"inLanguage":"hu","potentialAction":[{"@type":"ReadAction","target":["https:\/\/andrago.at\/hu\/installationen\/"]}]},{"@type":"BreadcrumbList","@id":"https:\/\/andrago.at\/hu\/installationen\/#breadcrumb","itemListElement":[{"@type":"ListItem","position":1,"name":"Startseite","item":"https:\/\/andrago.at\/"},{"@type":"ListItem","position":2,"name":"Install\u00e1ci\u00f3k"}]},{"@type":"WebSite","@id":"https:\/\/andrago.at\/#website","url":"https:\/\/andrago.at\/","name":"Andrago.at","description":"ANDRAGO KUNST &amp; KULTUR","publisher":{"@id":"https:\/\/andrago.at\/#organization"},"potentialAction":[{"@type":"SearchAction","target":{"@type":"EntryPoint","urlTemplate":"https:\/\/andrago.at\/?s={search_term_string}"},"query-input":{"@type":"PropertyValueSpecification","valueRequired":true,"valueName":"search_term_string"}}],"inLanguage":"hu"},{"@type":"Organization","@id":"https:\/\/andrago.at\/#organization","name":"Andrago","url":"https:\/\/andrago.at\/","logo":{"@type":"ImageObject","inLanguage":"hu","@id":"https:\/\/andrago.at\/#\/schema\/logo\/image\/","url":"http:\/\/andrago.at\/wp-content\/uploads\/2018\/10\/Schwarz-Kontur.jpg","contentUrl":"http:\/\/andrago.at\/wp-content\/uploads\/2018\/10\/Schwarz-Kontur.jpg","width":1358,"height":1088,"caption":"Andrago"},"image":{"@id":"https:\/\/andrago.at\/#\/schema\/logo\/image\/"},"sameAs":["https:\/\/www.facebook.com\/Andrago-219933181515236\/","https:\/\/x.com\/AgotasWelt"]}]}},"_links":{"self":[{"href":"https:\/\/andrago.at\/hu\/wp-json\/wp\/v2\/pages\/820","targetHints":{"allow":["GET"]}}],"collection":[{"href":"https:\/\/andrago.at\/hu\/wp-json\/wp\/v2\/pages"}],"about":[{"href":"https:\/\/andrago.at\/hu\/wp-json\/wp\/v2\/types\/page"}],"author":[{"embeddable":true,"href":"https:\/\/andrago.at\/hu\/wp-json\/wp\/v2\/users\/1"}],"replies":[{"embeddable":true,"href":"https:\/\/andrago.at\/hu\/wp-json\/wp\/v2\/comments?post=820"}],"version-history":[{"count":3,"href":"https:\/\/andrago.at\/hu\/wp-json\/wp\/v2\/pages\/820\/revisions"}],"predecessor-version":[{"id":2489,"href":"https:\/\/andrago.at\/hu\/wp-json\/wp\/v2\/pages\/820\/revisions\/2489"}],"wp:attachment":[{"href":"https:\/\/andrago.at\/hu\/wp-json\/wp\/v2\/media?parent=820"}],"curies":[{"name":"wp","href":"https:\/\/api.w.org\/{rel}","templated":true}]}}